{"id":132,"date":"2023-09-11T18:58:28","date_gmt":"2023-09-11T18:58:28","guid":{"rendered":"https:\/\/wordpress.taeler-sv-ottendorf.de\/?page_id=132"},"modified":"2024-08-04T15:34:07","modified_gmt":"2024-08-04T15:34:07","slug":"aktuelles","status":"publish","type":"page","link":"https:\/\/www.taeler-sv-ottendorf.de\/?page_id=132","title":{"rendered":"Aktuelles"},"content":{"rendered":"\n<p class=\"has-large-font-size\"><\/p>\n\n\n\n<p><\/p>\n\n\n\n<p><\/p>\n\n\n\n<p><\/p>\n\n\n\n<p><\/p>\n\n\n\n<p><\/p>\n\n\n\n<p><\/p>\n\n\n\n<figure class=\"wp-block-image size-large\"><img decoding=\"async\" loading=\"lazy\" width=\"1024\" height=\"1009\" src=\"http:\/\/www.taeler-sv-ottendorf.de\/wp-content\/uploads\/2024\/01\/IMG_7773-1024x1009.jpg\" alt=\"2. T\u00e4ler Cup\" class=\"wp-image-306\" srcset=\"https:\/\/www.taeler-sv-ottendorf.de\/wp-content\/uploads\/2024\/01\/IMG_7773-1024x1009.jpg 1024w, https:\/\/www.taeler-sv-ottendorf.de\/wp-content\/uploads\/2024\/01\/IMG_7773-300x296.jpg 300w, https:\/\/www.taeler-sv-ottendorf.de\/wp-content\/uploads\/2024\/01\/IMG_7773-768x757.jpg 768w, https:\/\/www.taeler-sv-ottendorf.de\/wp-content\/uploads\/2024\/01\/IMG_7773.jpg 1163w\" sizes=\"(max-width: 1024px) 100vw, 1024px\" \/><figcaption class=\"wp-element-caption\">2. T\u00e4ler Cup<\/figcaption><\/figure>\n\n\n\n<p><\/p>\n\n\n\n<p><\/p>\n\n\n\n<figure class=\"wp-block-image size-large\"><img decoding=\"async\" loading=\"lazy\" width=\"722\" height=\"1024\" src=\"http:\/\/wordpress.taeler-sv-ottendorf.de\/wp-content\/uploads\/2023\/09\/1b08d2bf-a6cd-4770-99fc-e147cbad1c3d-722x1024.jpg\" alt=\"\" class=\"wp-image-133\" srcset=\"https:\/\/www.taeler-sv-ottendorf.de\/wp-content\/uploads\/2023\/09\/1b08d2bf-a6cd-4770-99fc-e147cbad1c3d-722x1024.jpg 722w, https:\/\/www.taeler-sv-ottendorf.de\/wp-content\/uploads\/2023\/09\/1b08d2bf-a6cd-4770-99fc-e147cbad1c3d-212x300.jpg 212w, https:\/\/www.taeler-sv-ottendorf.de\/wp-content\/uploads\/2023\/09\/1b08d2bf-a6cd-4770-99fc-e147cbad1c3d-768x1089.jpg 768w, https:\/\/www.taeler-sv-ottendorf.de\/wp-content\/uploads\/2023\/09\/1b08d2bf-a6cd-4770-99fc-e147cbad1c3d.jpg 948w\" sizes=\"(max-width: 722px) 100vw, 722px\" \/><\/figure>\n\n\n\n<p>Vielen Dank an alle Teilnehmer des 1. T\u00e4ler Cup. Es war eine sehr gelungene Veranstaltung, herzlichen Dank auch an die vielen freiwilligen Helfer, die Sponsoren sowie das Catering. Ein besonderen Gl\u00fcckwunsch geht an die Gewinner vom SV Blau Weiss B\u00fcrgel I. Wir freuen uns schon auf den 2. T\u00e4ler Cup im n\u00e4chsten Jahr. (tku)<\/p>\n\n\n\n<figure class=\"wp-block-image size-large is-resized\"><img decoding=\"async\" loading=\"lazy\" src=\"https:\/\/www.taeler-sv-ottendorf.de\/wp-content\/uploads\/2023\/09\/IMG_7441-1024x997.jpg\" alt=\"\" class=\"wp-image-225\" width=\"312\" height=\"303\" srcset=\"https:\/\/www.taeler-sv-ottendorf.de\/wp-content\/uploads\/2023\/09\/IMG_7441-1024x997.jpg 1024w, https:\/\/www.taeler-sv-ottendorf.de\/wp-content\/uploads\/2023\/09\/IMG_7441-300x292.jpg 300w, https:\/\/www.taeler-sv-ottendorf.de\/wp-content\/uploads\/2023\/09\/IMG_7441-768x748.jpg 768w, https:\/\/www.taeler-sv-ottendorf.de\/wp-content\/uploads\/2023\/09\/IMG_7441.jpg 1170w\" sizes=\"(max-width: 312px) 100vw, 312px\" \/><\/figure>\n\n\n\n<div class=\"wp-block-group is-layout-constrained\"><div class=\"wp-block-group__inner-container\">\n<figure class=\"wp-block-gallery has-nested-images columns-default is-cropped wp-block-gallery-1 is-layout-flex\">\n<figure class=\"wp-block-image size-large\"><img decoding=\"async\" loading=\"lazy\" width=\"1024\" height=\"768\" src=\"https:\/\/www.taeler-sv-ottendorf.de\/wp-content\/uploads\/2023\/09\/Aufstellung3-1-1024x768.jpg\" alt=\"\" class=\"wp-image-264\" srcset=\"https:\/\/www.taeler-sv-ottendorf.de\/wp-content\/uploads\/2023\/09\/Aufstellung3-1-1024x768.jpg 1024w, https:\/\/www.taeler-sv-ottendorf.de\/wp-content\/uploads\/2023\/09\/Aufstellung3-1-300x225.jpg 300w, https:\/\/www.taeler-sv-ottendorf.de\/wp-content\/uploads\/2023\/09\/Aufstellung3-1-768x576.jpg 768w, https:\/\/www.taeler-sv-ottendorf.de\/wp-content\/uploads\/2023\/09\/Aufstellung3-1-1536x1152.jpg 1536w, https:\/\/www.taeler-sv-ottendorf.de\/wp-content\/uploads\/2023\/09\/Aufstellung3-1.jpg 2000w\" sizes=\"(max-width: 1024px) 100vw, 1024px\" \/><\/figure>\n\n\n\n<figure class=\"wp-block-image size-large\"><img decoding=\"async\" loading=\"lazy\" width=\"1024\" height=\"768\" src=\"https:\/\/www.taeler-sv-ottendorf.de\/wp-content\/uploads\/2023\/09\/Aufstellung-3-1-1024x768.jpg\" alt=\"\" class=\"wp-image-269\" srcset=\"https:\/\/www.taeler-sv-ottendorf.de\/wp-content\/uploads\/2023\/09\/Aufstellung-3-1-1024x768.jpg 1024w, https:\/\/www.taeler-sv-ottendorf.de\/wp-content\/uploads\/2023\/09\/Aufstellung-3-1-300x225.jpg 300w, https:\/\/www.taeler-sv-ottendorf.de\/wp-content\/uploads\/2023\/09\/Aufstellung-3-1-768x576.jpg 768w, https:\/\/www.taeler-sv-ottendorf.de\/wp-content\/uploads\/2023\/09\/Aufstellung-3-1-1536x1152.jpg 1536w, https:\/\/www.taeler-sv-ottendorf.de\/wp-content\/uploads\/2023\/09\/Aufstellung-3-1.jpg 2048w\" sizes=\"(max-width: 1024px) 100vw, 1024px\" \/><\/figure>\n\n\n\n<figure class=\"wp-block-image size-large\"><img decoding=\"async\" loading=\"lazy\" width=\"768\" height=\"1024\" src=\"https:\/\/www.taeler-sv-ottendorf.de\/wp-content\/uploads\/2023\/09\/Aufstellung-1-768x1024.jpg\" alt=\"\" class=\"wp-image-261\" srcset=\"https:\/\/www.taeler-sv-ottendorf.de\/wp-content\/uploads\/2023\/09\/Aufstellung-1-768x1024.jpg 768w, https:\/\/www.taeler-sv-ottendorf.de\/wp-content\/uploads\/2023\/09\/Aufstellung-1-225x300.jpg 225w, https:\/\/www.taeler-sv-ottendorf.de\/wp-content\/uploads\/2023\/09\/Aufstellung-1-1152x1536.jpg 1152w, https:\/\/www.taeler-sv-ottendorf.de\/wp-content\/uploads\/2023\/09\/Aufstellung-1.jpg 1500w\" sizes=\"(max-width: 768px) 100vw, 768px\" \/><\/figure>\n\n\n\n<figure class=\"wp-block-image size-large\"><img decoding=\"async\" loading=\"lazy\" width=\"1024\" height=\"768\" src=\"https:\/\/www.taeler-sv-ottendorf.de\/wp-content\/uploads\/2023\/09\/AufwaermungE2-1-1024x768.jpg\" alt=\"\" class=\"wp-image-266\" srcset=\"https:\/\/www.taeler-sv-ottendorf.de\/wp-content\/uploads\/2023\/09\/AufwaermungE2-1-1024x768.jpg 1024w, https:\/\/www.taeler-sv-ottendorf.de\/wp-content\/uploads\/2023\/09\/AufwaermungE2-1-300x225.jpg 300w, https:\/\/www.taeler-sv-ottendorf.de\/wp-content\/uploads\/2023\/09\/AufwaermungE2-1-768x576.jpg 768w, https:\/\/www.taeler-sv-ottendorf.de\/wp-content\/uploads\/2023\/09\/AufwaermungE2-1-1536x1152.jpg 1536w, https:\/\/www.taeler-sv-ottendorf.de\/wp-content\/uploads\/2023\/09\/AufwaermungE2-1.jpg 1600w\" sizes=\"(max-width: 1024px) 100vw, 1024px\" \/><\/figure>\n\n\n\n<figure class=\"wp-block-image size-large\"><img decoding=\"async\" loading=\"lazy\" width=\"1024\" height=\"768\" src=\"https:\/\/www.taeler-sv-ottendorf.de\/wp-content\/uploads\/2023\/09\/AufwaermungE2-2-1-1024x768.jpg\" alt=\"\" class=\"wp-image-267\" srcset=\"https:\/\/www.taeler-sv-ottendorf.de\/wp-content\/uploads\/2023\/09\/AufwaermungE2-2-1-1024x768.jpg 1024w, https:\/\/www.taeler-sv-ottendorf.de\/wp-content\/uploads\/2023\/09\/AufwaermungE2-2-1-300x225.jpg 300w, https:\/\/www.taeler-sv-ottendorf.de\/wp-content\/uploads\/2023\/09\/AufwaermungE2-2-1-768x576.jpg 768w, https:\/\/www.taeler-sv-ottendorf.de\/wp-content\/uploads\/2023\/09\/AufwaermungE2-2-1-1536x1152.jpg 1536w, https:\/\/www.taeler-sv-ottendorf.de\/wp-content\/uploads\/2023\/09\/AufwaermungE2-2-1.jpg 1600w\" sizes=\"(max-width: 1024px) 100vw, 1024px\" \/><\/figure>\n\n\n\n<figure class=\"wp-block-image size-large\"><img decoding=\"async\" loading=\"lazy\" width=\"1024\" height=\"768\" src=\"https:\/\/www.taeler-sv-ottendorf.de\/wp-content\/uploads\/2023\/09\/AufwaermungE2-3-1-1024x768.jpg\" alt=\"\" class=\"wp-image-268\" srcset=\"https:\/\/www.taeler-sv-ottendorf.de\/wp-content\/uploads\/2023\/09\/AufwaermungE2-3-1-1024x768.jpg 1024w, https:\/\/www.taeler-sv-ottendorf.de\/wp-content\/uploads\/2023\/09\/AufwaermungE2-3-1-300x225.jpg 300w, https:\/\/www.taeler-sv-ottendorf.de\/wp-content\/uploads\/2023\/09\/AufwaermungE2-3-1-768x576.jpg 768w, https:\/\/www.taeler-sv-ottendorf.de\/wp-content\/uploads\/2023\/09\/AufwaermungE2-3-1-1536x1152.jpg 1536w, https:\/\/www.taeler-sv-ottendorf.de\/wp-content\/uploads\/2023\/09\/AufwaermungE2-3-1.jpg 1600w\" sizes=\"(max-width: 1024px) 100vw, 1024px\" \/><\/figure>\n\n\n\n<figure class=\"wp-block-image size-large\"><img decoding=\"async\" loading=\"lazy\" width=\"1024\" height=\"768\" src=\"https:\/\/www.taeler-sv-ottendorf.de\/wp-content\/uploads\/2023\/09\/Pokale-1-1024x768.jpg\" alt=\"\" class=\"wp-image-265\" srcset=\"https:\/\/www.taeler-sv-ottendorf.de\/wp-content\/uploads\/2023\/09\/Pokale-1-1024x768.jpg 1024w, https:\/\/www.taeler-sv-ottendorf.de\/wp-content\/uploads\/2023\/09\/Pokale-1-300x225.jpg 300w, https:\/\/www.taeler-sv-ottendorf.de\/wp-content\/uploads\/2023\/09\/Pokale-1-768x576.jpg 768w, https:\/\/www.taeler-sv-ottendorf.de\/wp-content\/uploads\/2023\/09\/Pokale-1-1536x1152.jpg 1536w, https:\/\/www.taeler-sv-ottendorf.de\/wp-content\/uploads\/2023\/09\/Pokale-1.jpg 1600w\" sizes=\"(max-width: 1024px) 100vw, 1024px\" \/><\/figure>\n\n\n\n<figure class=\"wp-block-image size-large\"><img decoding=\"async\" loading=\"lazy\" width=\"1024\" height=\"768\" src=\"https:\/\/www.taeler-sv-ottendorf.de\/wp-content\/uploads\/2023\/09\/BesprechungE2-1-1024x768.jpg\" alt=\"\" class=\"wp-image-262\" srcset=\"https:\/\/www.taeler-sv-ottendorf.de\/wp-content\/uploads\/2023\/09\/BesprechungE2-1-1024x768.jpg 1024w, https:\/\/www.taeler-sv-ottendorf.de\/wp-content\/uploads\/2023\/09\/BesprechungE2-1-300x225.jpg 300w, https:\/\/www.taeler-sv-ottendorf.de\/wp-content\/uploads\/2023\/09\/BesprechungE2-1-768x576.jpg 768w, https:\/\/www.taeler-sv-ottendorf.de\/wp-content\/uploads\/2023\/09\/BesprechungE2-1-1536x1152.jpg 1536w, https:\/\/www.taeler-sv-ottendorf.de\/wp-content\/uploads\/2023\/09\/BesprechungE2-1.jpg 2000w\" sizes=\"(max-width: 1024px) 100vw, 1024px\" \/><\/figure>\n\n\n\n<figure class=\"wp-block-image size-large\"><img decoding=\"async\" loading=\"lazy\" width=\"461\" height=\"1024\" src=\"https:\/\/www.taeler-sv-ottendorf.de\/wp-content\/uploads\/2023\/09\/BesprechungE2-3-1-461x1024.jpg\" alt=\"\" class=\"wp-image-272\" srcset=\"https:\/\/www.taeler-sv-ottendorf.de\/wp-content\/uploads\/2023\/09\/BesprechungE2-3-1-461x1024.jpg 461w, https:\/\/www.taeler-sv-ottendorf.de\/wp-content\/uploads\/2023\/09\/BesprechungE2-3-1-135x300.jpg 135w, https:\/\/www.taeler-sv-ottendorf.de\/wp-content\/uploads\/2023\/09\/BesprechungE2-3-1-692x1536.jpg 692w, https:\/\/www.taeler-sv-ottendorf.de\/wp-content\/uploads\/2023\/09\/BesprechungE2-3-1.jpg 721w\" sizes=\"(max-width: 461px) 100vw, 461px\" \/><\/figure>\n\n\n\n<figure class=\"wp-block-image size-large\"><img decoding=\"async\" loading=\"lazy\" width=\"1024\" height=\"768\" src=\"https:\/\/www.taeler-sv-ottendorf.de\/wp-content\/uploads\/2023\/09\/E2Max-1-1024x768.jpg\" alt=\"\" class=\"wp-image-260\" srcset=\"https:\/\/www.taeler-sv-ottendorf.de\/wp-content\/uploads\/2023\/09\/E2Max-1-1024x768.jpg 1024w, https:\/\/www.taeler-sv-ottendorf.de\/wp-content\/uploads\/2023\/09\/E2Max-1-300x225.jpg 300w, https:\/\/www.taeler-sv-ottendorf.de\/wp-content\/uploads\/2023\/09\/E2Max-1-768x576.jpg 768w, https:\/\/www.taeler-sv-ottendorf.de\/wp-content\/uploads\/2023\/09\/E2Max-1-1536x1152.jpg 1536w, https:\/\/www.taeler-sv-ottendorf.de\/wp-content\/uploads\/2023\/09\/E2Max-1.jpg 2000w\" sizes=\"(max-width: 1024px) 100vw, 1024px\" \/><\/figure>\n\n\n\n<figure class=\"wp-block-image size-large\"><img decoding=\"async\" loading=\"lazy\" width=\"1024\" height=\"768\" src=\"https:\/\/www.taeler-sv-ottendorf.de\/wp-content\/uploads\/2023\/09\/BesterSpieler2-1-1024x768.jpg\" alt=\"\" class=\"wp-image-270\" srcset=\"https:\/\/www.taeler-sv-ottendorf.de\/wp-content\/uploads\/2023\/09\/BesterSpieler2-1-1024x768.jpg 1024w, https:\/\/www.taeler-sv-ottendorf.de\/wp-content\/uploads\/2023\/09\/BesterSpieler2-1-300x225.jpg 300w, https:\/\/www.taeler-sv-ottendorf.de\/wp-content\/uploads\/2023\/09\/BesterSpieler2-1-768x576.jpg 768w, https:\/\/www.taeler-sv-ottendorf.de\/wp-content\/uploads\/2023\/09\/BesterSpieler2-1-1536x1152.jpg 1536w, https:\/\/www.taeler-sv-ottendorf.de\/wp-content\/uploads\/2023\/09\/BesterSpieler2-1.jpg 2016w\" sizes=\"(max-width: 1024px) 100vw, 1024px\" \/><\/figure>\n\n\n\n<figure class=\"wp-block-image size-large\"><img decoding=\"async\" loading=\"lazy\" width=\"1024\" height=\"768\" src=\"https:\/\/www.taeler-sv-ottendorf.de\/wp-content\/uploads\/2023\/09\/besterSpieleralle-2-1024x768.jpg\" alt=\"\" class=\"wp-image-255\" srcset=\"https:\/\/www.taeler-sv-ottendorf.de\/wp-content\/uploads\/2023\/09\/besterSpieleralle-2-1024x768.jpg 1024w, https:\/\/www.taeler-sv-ottendorf.de\/wp-content\/uploads\/2023\/09\/besterSpieleralle-2-300x225.jpg 300w, https:\/\/www.taeler-sv-ottendorf.de\/wp-content\/uploads\/2023\/09\/besterSpieleralle-2-768x576.jpg 768w, https:\/\/www.taeler-sv-ottendorf.de\/wp-content\/uploads\/2023\/09\/besterSpieleralle-2-1536x1152.jpg 1536w, https:\/\/www.taeler-sv-ottendorf.de\/wp-content\/uploads\/2023\/09\/besterSpieleralle-2.jpg 2000w\" sizes=\"(max-width: 1024px) 100vw, 1024px\" \/><\/figure>\n\n\n\n<figure class=\"wp-block-image size-large\"><img decoding=\"async\" loading=\"lazy\" width=\"1024\" height=\"768\" src=\"https:\/\/www.taeler-sv-ottendorf.de\/wp-content\/uploads\/2023\/09\/besterSpieler-2-1024x768.jpg\" alt=\"\" class=\"wp-image-256\" srcset=\"https:\/\/www.taeler-sv-ottendorf.de\/wp-content\/uploads\/2023\/09\/besterSpieler-2-1024x768.jpg 1024w, https:\/\/www.taeler-sv-ottendorf.de\/wp-content\/uploads\/2023\/09\/besterSpieler-2-300x225.jpg 300w, https:\/\/www.taeler-sv-ottendorf.de\/wp-content\/uploads\/2023\/09\/besterSpieler-2-768x576.jpg 768w, https:\/\/www.taeler-sv-ottendorf.de\/wp-content\/uploads\/2023\/09\/besterSpieler-2-1536x1152.jpg 1536w, https:\/\/www.taeler-sv-ottendorf.de\/wp-content\/uploads\/2023\/09\/besterSpieler-2.jpg 2000w\" sizes=\"(max-width: 1024px) 100vw, 1024px\" \/><\/figure>\n\n\n\n<figure class=\"wp-block-image size-large\"><img decoding=\"async\" loading=\"lazy\" width=\"1024\" height=\"768\" src=\"https:\/\/www.taeler-sv-ottendorf.de\/wp-content\/uploads\/2023\/09\/SiegerehrungE1-1-1024x768.jpg\" alt=\"\" class=\"wp-image-257\" srcset=\"https:\/\/www.taeler-sv-ottendorf.de\/wp-content\/uploads\/2023\/09\/SiegerehrungE1-1-1024x768.jpg 1024w, https:\/\/www.taeler-sv-ottendorf.de\/wp-content\/uploads\/2023\/09\/SiegerehrungE1-1-300x225.jpg 300w, https:\/\/www.taeler-sv-ottendorf.de\/wp-content\/uploads\/2023\/09\/SiegerehrungE1-1-768x576.jpg 768w, https:\/\/www.taeler-sv-ottendorf.de\/wp-content\/uploads\/2023\/09\/SiegerehrungE1-1-1536x1152.jpg 1536w, https:\/\/www.taeler-sv-ottendorf.de\/wp-content\/uploads\/2023\/09\/SiegerehrungE1-1.jpg 2000w\" sizes=\"(max-width: 1024px) 100vw, 1024px\" \/><\/figure>\n\n\n\n<figure class=\"wp-block-image size-large\"><img decoding=\"async\" loading=\"lazy\" width=\"1024\" height=\"768\" src=\"https:\/\/www.taeler-sv-ottendorf.de\/wp-content\/uploads\/2023\/09\/SiegerehrungE2-1-1024x768.jpg\" alt=\"\" class=\"wp-image-258\" srcset=\"https:\/\/www.taeler-sv-ottendorf.de\/wp-content\/uploads\/2023\/09\/SiegerehrungE2-1-1024x768.jpg 1024w, https:\/\/www.taeler-sv-ottendorf.de\/wp-content\/uploads\/2023\/09\/SiegerehrungE2-1-300x225.jpg 300w, https:\/\/www.taeler-sv-ottendorf.de\/wp-content\/uploads\/2023\/09\/SiegerehrungE2-1-768x576.jpg 768w, https:\/\/www.taeler-sv-ottendorf.de\/wp-content\/uploads\/2023\/09\/SiegerehrungE2-1-1536x1152.jpg 1536w, https:\/\/www.taeler-sv-ottendorf.de\/wp-content\/uploads\/2023\/09\/SiegerehrungE2-1.jpg 2000w\" sizes=\"(max-width: 1024px) 100vw, 1024px\" \/><\/figure>\n\n\n\n<figure class=\"wp-block-image size-large\"><img decoding=\"async\" loading=\"lazy\" width=\"1024\" height=\"768\" src=\"https:\/\/www.taeler-sv-ottendorf.de\/wp-content\/uploads\/2023\/09\/SiegerehrungE2-2-1-1024x768.jpg\" alt=\"\" class=\"wp-image-259\" srcset=\"https:\/\/www.taeler-sv-ottendorf.de\/wp-content\/uploads\/2023\/09\/SiegerehrungE2-2-1-1024x768.jpg 1024w, https:\/\/www.taeler-sv-ottendorf.de\/wp-content\/uploads\/2023\/09\/SiegerehrungE2-2-1-300x225.jpg 300w, https:\/\/www.taeler-sv-ottendorf.de\/wp-content\/uploads\/2023\/09\/SiegerehrungE2-2-1-768x576.jpg 768w, https:\/\/www.taeler-sv-ottendorf.de\/wp-content\/uploads\/2023\/09\/SiegerehrungE2-2-1-1536x1152.jpg 1536w, https:\/\/www.taeler-sv-ottendorf.de\/wp-content\/uploads\/2023\/09\/SiegerehrungE2-2-1.jpg 2000w\" sizes=\"(max-width: 1024px) 100vw, 1024px\" \/><\/figure>\n\n\n\n<figure class=\"wp-block-image size-large\"><img decoding=\"async\" loading=\"lazy\" width=\"1024\" height=\"768\" src=\"https:\/\/www.taeler-sv-ottendorf.de\/wp-content\/uploads\/2023\/09\/besterSpieleralle-1024x768.jpg\" alt=\"\" class=\"wp-image-233\" srcset=\"https:\/\/www.taeler-sv-ottendorf.de\/wp-content\/uploads\/2023\/09\/besterSpieleralle-1024x768.jpg 1024w, https:\/\/www.taeler-sv-ottendorf.de\/wp-content\/uploads\/2023\/09\/besterSpieleralle-300x225.jpg 300w, https:\/\/www.taeler-sv-ottendorf.de\/wp-content\/uploads\/2023\/09\/besterSpieleralle-768x576.jpg 768w, https:\/\/www.taeler-sv-ottendorf.de\/wp-content\/uploads\/2023\/09\/besterSpieleralle-1536x1152.jpg 1536w, https:\/\/www.taeler-sv-ottendorf.de\/wp-content\/uploads\/2023\/09\/besterSpieleralle.jpg 2000w\" sizes=\"(max-width: 1024px) 100vw, 1024px\" \/><\/figure>\n\n\n\n<figure class=\"wp-block-image size-large\"><img decoding=\"async\" loading=\"lazy\" width=\"461\" height=\"1024\" src=\"https:\/\/www.taeler-sv-ottendorf.de\/wp-content\/uploads\/2023\/09\/Moderatoren-1-461x1024.jpg\" alt=\"\" class=\"wp-image-271\" srcset=\"https:\/\/www.taeler-sv-ottendorf.de\/wp-content\/uploads\/2023\/09\/Moderatoren-1-461x1024.jpg 461w, https:\/\/www.taeler-sv-ottendorf.de\/wp-content\/uploads\/2023\/09\/Moderatoren-1-135x300.jpg 135w, https:\/\/www.taeler-sv-ottendorf.de\/wp-content\/uploads\/2023\/09\/Moderatoren-1-692x1536.jpg 692w, https:\/\/www.taeler-sv-ottendorf.de\/wp-content\/uploads\/2023\/09\/Moderatoren-1.jpg 721w\" sizes=\"(max-width: 461px) 100vw, 461px\" \/><\/figure>\n<\/figure>\n<\/div><\/div>\n","protected":false},"excerpt":{"rendered":"<p>Vielen Dank an alle Teilnehmer des 1. T\u00e4ler Cup. Es war eine sehr gelungene Veranstaltung, herzlichen Dank auch an die vielen freiwilligen Helfer, die Sponsoren sowie das Catering. Ein besonderen &#8230;<\/p>\n","protected":false},"author":1,"featured_media":0,"parent":0,"menu_order":0,"comment_status":"closed","ping_status":"closed","template":"","meta":[],"_links":{"self":[{"href":"https:\/\/www.taeler-sv-ottendorf.de\/index.php?rest_route=\/wp\/v2\/pages\/132"}],"collection":[{"href":"https:\/\/www.taeler-sv-ottendorf.de\/index.php?rest_route=\/wp\/v2\/pages"}],"about":[{"href":"https:\/\/www.taeler-sv-ottendorf.de\/index.php?rest_route=\/wp\/v2\/types\/page"}],"author":[{"embeddable":true,"href":"https:\/\/www.taeler-sv-ottendorf.de\/index.php?rest_route=\/wp\/v2\/users\/1"}],"replies":[{"embeddable":true,"href":"https:\/\/www.taeler-sv-ottendorf.de\/index.php?rest_route=%2Fwp%2Fv2%2Fcomments&post=132"}],"version-history":[{"count":10,"href":"https:\/\/www.taeler-sv-ottendorf.de\/index.php?rest_route=\/wp\/v2\/pages\/132\/revisions"}],"predecessor-version":[{"id":332,"href":"https:\/\/www.taeler-sv-ottendorf.de\/index.php?rest_route=\/wp\/v2\/pages\/132\/revisions\/332"}],"wp:attachment":[{"href":"https:\/\/www.taeler-sv-ottendorf.de\/index.php?rest_route=%2Fwp%2Fv2%2Fmedia&parent=132"}],"curies":[{"name":"wp","href":"https:\/\/api.w.org\/{rel}","templated":true}]}}